{"id":44,"date":"2023-10-10T14:30:55","date_gmt":"2023-10-10T12:30:55","guid":{"rendered":"http:\/\/g-enertech.de\/?page_id=44"},"modified":"2024-02-20T16:43:55","modified_gmt":"2024-02-20T15:43:55","slug":"elementor-44","status":"publish","type":"page","link":"https:\/\/g-enertech.de\/","title":{"rendered":"Home"},"content":{"rendered":"\t\t<div data-elementor-type=\"wp-page\" data-elementor-id=\"44\" class=\"elementor elementor-44\">\n\t\t\t\t<div class=\"elementor-element elementor-element-7a97287 e-flex e-con-boxed e-con e-parent\" data-id=\"7a97287\" data-element_type=\"container\" data-e-type=\"container\" data-settings=\"{&quot;background_background&quot;:&quot;classic&quot;}\">\n\t\t\t\t\t<div class=\"e-con-inner\">\n\t\t<div class=\"elementor-element elementor-element-62881a2 e-con-full e-flex e-con e-child\" data-id=\"62881a2\" data-element_type=\"container\" data-e-type=\"container\">\n\t\t\t\t<div class=\"elementor-element elementor-element-3095735 elementor-widget elementor-widget-image\" data-id=\"3095735\" data-element_type=\"widget\" data-e-type=\"widget\" data-widget_type=\"image.default\">\n\t\t\t\t<div class=\"elementor-widget-container\">\n\t\t\t\t\t\t\t\t\t\t\t\t\t\t\t<img fetchpriority=\"high\" decoding=\"async\" width=\"800\" height=\"267\" src=\"https:\/\/g-enertech.de\/wp-content\/uploads\/2023\/10\/g-enertech_logo_7_gelb-1024x342.png\" class=\"attachment-large size-large wp-image-200\" alt=\"\" srcset=\"https:\/\/g-enertech.de\/wp-content\/uploads\/2023\/10\/g-enertech_logo_7_gelb-1024x342.png 1024w, https:\/\/g-enertech.de\/wp-content\/uploads\/2023\/10\/g-enertech_logo_7_gelb-300x100.png 300w, https:\/\/g-enertech.de\/wp-content\/uploads\/2023\/10\/g-enertech_logo_7_gelb-768x257.png 768w, https:\/\/g-enertech.de\/wp-content\/uploads\/2023\/10\/g-enertech_logo_7_gelb-1536x514.png 1536w, https:\/\/g-enertech.de\/wp-content\/uploads\/2023\/10\/g-enertech_logo_7_gelb-2048x685.png 2048w\" sizes=\"(max-width: 800px) 100vw, 800px\" \/>\t\t\t\t\t\t\t\t\t\t\t\t\t\t\t<\/div>\n\t\t\t\t<\/div>\n\t\t\t\t<div class=\"elementor-element elementor-element-9413a8d elementor-widget__width-initial elementor-absolute elementor-widget elementor-widget-heading\" data-id=\"9413a8d\" data-element_type=\"widget\" data-e-type=\"widget\" data-settings=\"{&quot;_position&quot;:&quot;absolute&quot;}\" data-widget_type=\"heading.default\">\n\t\t\t\t<div class=\"elementor-widget-container\">\n\t\t\t\t\t<h2 class=\"elementor-heading-title elementor-size-default\">Elektrische Netze fit machen \nf\u00fcr die Energiewende\n<\/h2>\t\t\t\t<\/div>\n\t\t\t\t<\/div>\n\t\t\t\t<\/div>\n\t\t\t\t\t<\/div>\n\t\t\t\t<\/div>\n\t\t\t\t<section class=\"elementor-section elementor-top-section elementor-element elementor-element-4bf95993 elementor-section-boxed elementor-section-height-default elementor-section-height-default\" data-id=\"4bf95993\" data-element_type=\"section\" data-e-type=\"section\">\n\t\t\t\t\t\t<div class=\"elementor-container elementor-column-gap-default\">\n\t\t\t\t\t<div class=\"elementor-column elementor-col-100 elementor-top-column elementor-element elementor-element-397d2070\" data-id=\"397d2070\" data-element_type=\"column\" data-e-type=\"column\">\n\t\t\t<div class=\"elementor-widget-wrap elementor-element-populated\">\n\t\t\t\t\t\t<section class=\"elementor-section elementor-inner-section elementor-element elementor-element-70aac4dd elementor-section-height-min-height elementor-section-boxed elementor-section-height-default\" data-id=\"70aac4dd\" data-element_type=\"section\" data-e-type=\"section\" data-settings=\"{&quot;background_background&quot;:&quot;classic&quot;}\">\n\t\t\t\t\t\t\t<div class=\"elementor-background-overlay\"><\/div>\n\t\t\t\t\t\t\t<div class=\"elementor-container elementor-column-gap-default\">\n\t\t\t\t\t<div class=\"elementor-column elementor-col-100 elementor-inner-column elementor-element elementor-element-39e91dc7\" data-id=\"39e91dc7\" data-element_type=\"column\" data-e-type=\"column\">\n\t\t\t<div class=\"elementor-widget-wrap elementor-element-populated\">\n\t\t\t\t\t\t<div class=\"elementor-element elementor-element-400a0680 elementor-widget-mobile__width-inherit elementor-widget elementor-widget-elementskit-heading\" data-id=\"400a0680\" data-element_type=\"widget\" data-e-type=\"widget\" data-widget_type=\"elementskit-heading.default\">\n\t\t\t\t<div class=\"elementor-widget-container\">\n\t\t\t\t\t<div class=\"ekit-wid-con\" ><div class=\"ekit-heading elementskit-section-title-wraper text_left   ekit_heading_tablet-   ekit_heading_mobile-\">\t\t\t\t<div class='ekit-heading__description'>\n\t\t\t\t\t<p>G-Enertech unterst\u00fctzt Stadtwerke und Fl\u00e4chennetzbetreiber mit Komponenten, L\u00f6sungen und Ingenieurdienstleitungen auf dem Weg zum intelligenten Niederspannungsnetz.<br \/>Spannungsregelung, Stationsmonitoring und Lastmanagement sind unsere St\u00e4rken.<\/p>\n<p>Fordern Sie uns heraus!<\/p>\n\t\t\t\t<\/div>\n\t\t\t<\/div><\/div>\t\t\t\t<\/div>\n\t\t\t\t<\/div>\n\t\t\t\t\t<\/div>\n\t\t<\/div>\n\t\t\t\t\t<\/div>\n\t\t<\/section>\n\t\t\t\t\t<\/div>\n\t\t<\/div>\n\t\t\t\t\t<\/div>\n\t\t<\/section>\n\t\t<div class=\"elementor-element elementor-element-9d879fc elementor-hidden-desktop elementor-hidden-tablet elementor-hidden-mobile e-flex e-con-boxed e-con e-parent\" data-id=\"9d879fc\" data-element_type=\"container\" data-e-type=\"container\">\n\t\t\t\t\t<div class=\"e-con-inner\">\n\t\t<div class=\"elementor-element elementor-element-8762fe2 e-flex e-con-boxed e-con e-child\" data-id=\"8762fe2\" data-element_type=\"container\" data-e-type=\"container\">\n\t\t\t\t\t<div class=\"e-con-inner\">\n\t\t\t\t<div class=\"elementor-element elementor-element-c8377c1 elementor-widget elementor-widget-image\" data-id=\"c8377c1\" data-element_type=\"widget\" data-e-type=\"widget\" data-widget_type=\"image.default\">\n\t\t\t\t<div class=\"elementor-widget-container\">\n\t\t\t\t\t\t\t\t\t\t\t\t\t\t\t<img decoding=\"async\" width=\"694\" height=\"149\" src=\"https:\/\/g-enertech.de\/wp-content\/uploads\/2023\/10\/Group-17Pluses.png\" class=\"attachment-large size-large wp-image-149\" alt=\"\" srcset=\"https:\/\/g-enertech.de\/wp-content\/uploads\/2023\/10\/Group-17Pluses.png 694w, https:\/\/g-enertech.de\/wp-content\/uploads\/2023\/10\/Group-17Pluses-300x64.png 300w\" sizes=\"(max-width: 694px) 100vw, 694px\" \/>\t\t\t\t\t\t\t\t\t\t\t\t\t\t\t<\/div>\n\t\t\t\t<\/div>\n\t\t\t\t\t<\/div>\n\t\t\t\t<\/div>\n\t\t\t\t\t<\/div>\n\t\t\t\t<\/div>\n\t\t<div class=\"elementor-element elementor-element-f5e56fc elementor-hidden-desktop elementor-hidden-tablet elementor-hidden-mobile e-flex e-con-boxed e-con e-parent\" data-id=\"f5e56fc\" data-element_type=\"container\" data-e-type=\"container\">\n\t\t\t\t\t<div class=\"e-con-inner\">\n\t\t<div class=\"elementor-element elementor-element-2bedfe9 e-flex e-con-boxed e-con e-child\" data-id=\"2bedfe9\" data-element_type=\"container\" data-e-type=\"container\" data-settings=\"{&quot;background_background&quot;:&quot;classic&quot;}\">\n\t\t\t\t\t<div class=\"e-con-inner\">\n\t\t<div class=\"elementor-element elementor-element-2482d07 e-flex e-con-boxed e-con e-child\" data-id=\"2482d07\" data-element_type=\"container\" data-e-type=\"container\" data-settings=\"{&quot;background_background&quot;:&quot;classic&quot;}\">\n\t\t\t\t\t<div class=\"e-con-inner\">\n\t\t<div class=\"elementor-element elementor-element-b6c470b e-flex e-con-boxed e-con e-child\" data-id=\"b6c470b\" data-element_type=\"container\" data-e-type=\"container\">\n\t\t\t\t\t<div class=\"e-con-inner\">\n\t\t\t\t<div class=\"elementor-element elementor-element-038a5f6 elementor-widget__width-initial elementor-absolute elementor-widget elementor-widget-text-editor\" data-id=\"038a5f6\" data-element_type=\"widget\" data-e-type=\"widget\" data-settings=\"{&quot;_position&quot;:&quot;absolute&quot;}\" data-widget_type=\"text-editor.default\">\n\t\t\t\t<div class=\"elementor-widget-container\">\n\t\t\t\t\t\t\t\t\t<p>Wir arbeiten f\u00fcr optimalen Service\u2028mit starken Kooperationspartnern.<\/p>\t\t\t\t\t\t\t\t<\/div>\n\t\t\t\t<\/div>\n\t\t\t\t\t<\/div>\n\t\t\t\t<\/div>\n\t\t<div class=\"elementor-element elementor-element-1eaf61b e-flex e-con-boxed e-con e-child\" data-id=\"1eaf61b\" data-element_type=\"container\" data-e-type=\"container\">\n\t\t\t\t\t<div class=\"e-con-inner\">\n\t\t\t\t<div class=\"elementor-element elementor-element-49269f0 elementor-widget elementor-widget-nested-carousel\" data-id=\"49269f0\" data-element_type=\"widget\" data-e-type=\"widget\" data-widget_type=\"nested-carousel.default\">\n\t\t\t\t<div class=\"elementor-widget-container\">\n\t\t\t\t\t \t\t\t\t<\/div>\n\t\t\t\t<\/div>\n\t\t\t\t\t<\/div>\n\t\t\t\t<\/div>\n\t\t\t\t\t<\/div>\n\t\t\t\t<\/div>\n\t\t\t\t\t<\/div>\n\t\t\t\t<\/div>\n\t\t\t\t\t<\/div>\n\t\t\t\t<\/div>\n\t\t<div class=\"elementor-element elementor-element-5ad1275 e-flex e-con-boxed e-con e-parent\" data-id=\"5ad1275\" data-element_type=\"container\" data-e-type=\"container\">\n\t\t\t\t\t<div class=\"e-con-inner\">\n\t\t<div class=\"elementor-element elementor-element-6952da2 e-flex e-con-boxed e-con e-child\" data-id=\"6952da2\" data-element_type=\"container\" data-e-type=\"container\">\n\t\t\t\t\t<div class=\"e-con-inner\">\n\t\t\t\t<div class=\"elementor-element elementor-element-31dd960 elementor-widget elementor-widget-image\" data-id=\"31dd960\" data-element_type=\"widget\" data-e-type=\"widget\" data-widget_type=\"image.default\">\n\t\t\t\t<div class=\"elementor-widget-container\">\n\t\t\t\t\t\t\t\t\t\t\t\t\t\t\t<img decoding=\"async\" width=\"770\" height=\"149\" src=\"https:\/\/g-enertech.de\/wp-content\/uploads\/2023\/10\/Group-16Pluses.png\" class=\"attachment-large size-large wp-image-150\" alt=\"\" srcset=\"https:\/\/g-enertech.de\/wp-content\/uploads\/2023\/10\/Group-16Pluses.png 770w, https:\/\/g-enertech.de\/wp-content\/uploads\/2023\/10\/Group-16Pluses-300x58.png 300w, https:\/\/g-enertech.de\/wp-content\/uploads\/2023\/10\/Group-16Pluses-768x149.png 768w\" sizes=\"(max-width: 770px) 100vw, 770px\" \/>\t\t\t\t\t\t\t\t\t\t\t\t\t\t\t<\/div>\n\t\t\t\t<\/div>\n\t\t\t\t\t<\/div>\n\t\t\t\t<\/div>\n\t\t\t\t\t<\/div>\n\t\t\t\t<\/div>\n\t\t<div class=\"elementor-element elementor-element-b663380 e-flex e-con-boxed e-con e-parent\" data-id=\"b663380\" data-element_type=\"container\" data-e-type=\"container\">\n\t\t\t\t\t<div class=\"e-con-inner\">\n\t\t<div class=\"elementor-element elementor-element-58e8a10 e-flex e-con-boxed e-con e-child\" data-id=\"58e8a10\" data-element_type=\"container\" data-e-type=\"container\">\n\t\t\t\t\t<div class=\"e-con-inner\">\n\t\t\t\t<div class=\"elementor-element elementor-element-14c984b elementor-widget elementor-widget-elementskit-heading\" data-id=\"14c984b\" data-element_type=\"widget\" data-e-type=\"widget\" data-widget_type=\"elementskit-heading.default\">\n\t\t\t\t<div class=\"elementor-widget-container\">\n\t\t\t\t\t<div class=\"ekit-wid-con\" ><div class=\"ekit-heading elementskit-section-title-wraper text_center   ekit_heading_tablet-   ekit_heading_mobile-\"><h2 class=\"ekit-heading--title elementskit-section-title \">\u201eDie Zukunft soll man nicht voraussehen wollen,<BR> sondern m\u00f6glich machen.\u201c<\/h2><h3 class=\"ekit-heading--subtitle elementskit-section-subtitle  \">\n\t\t\t\t\t\tAntoine de Saint-Exup\u00e9ry\n\t\t\t\t\t<\/h3><\/div><\/div>\t\t\t\t<\/div>\n\t\t\t\t<\/div>\n\t\t\t\t\t<\/div>\n\t\t\t\t<\/div>\n\t\t<div class=\"elementor-element elementor-element-ebf52b6 elementor-hidden-desktop elementor-hidden-tablet elementor-hidden-mobile e-flex e-con-boxed e-con e-child\" data-id=\"ebf52b6\" data-element_type=\"container\" data-e-type=\"container\" id=\"main-parent\" data-settings=\"{&quot;background_background&quot;:&quot;classic&quot;}\">\n\t\t\t\t\t<div class=\"e-con-inner\">\n\t\t<div class=\"elementor-element elementor-element-5ef9358 single-card e-flex e-con-boxed e-con e-child\" data-id=\"5ef9358\" data-element_type=\"container\" data-e-type=\"container\" id=\"card-one\">\n\t\t\t\t\t<div class=\"e-con-inner\">\n\t\t\t\t<div class=\"elementor-element elementor-element-533ce45 elementor-widget elementor-widget-heading\" data-id=\"533ce45\" data-element_type=\"widget\" data-e-type=\"widget\" data-widget_type=\"heading.default\">\n\t\t\t\t<div class=\"elementor-widget-container\">\n\t\t\t\t\t<h2 class=\"elementor-heading-title elementor-size-default\">Spezialgeh\u00e4use\/\u2028Ger\u00e4tetr\u00e4ger<\/h2>\t\t\t\t<\/div>\n\t\t\t\t<\/div>\n\t\t\t\t<div class=\"elementor-element elementor-element-bf85afa elementor-widget elementor-widget-text-editor\" data-id=\"bf85afa\" data-element_type=\"widget\" data-e-type=\"widget\" data-widget_type=\"text-editor.default\">\n\t\t\t\t<div class=\"elementor-widget-container\">\n\t\t\t\t\t\t\t\t\t<p>Lorem ipsum dolor sit amet, consectetur adipiscing elit. Ut elit tellus, luctus nec ullamcorper mattis, pulvinar dapibus leo.<\/p>\t\t\t\t\t\t\t\t<\/div>\n\t\t\t\t<\/div>\n\t\t\t\t\t<\/div>\n\t\t\t\t<\/div>\n\t\t<div class=\"elementor-element elementor-element-2433919 single-card e-flex e-con-boxed e-con e-child\" data-id=\"2433919\" data-element_type=\"container\" data-e-type=\"container\" id=\"card-two\">\n\t\t\t\t\t<div class=\"e-con-inner\">\n\t\t\t\t<div class=\"elementor-element elementor-element-fdcc86c elementor-widget elementor-widget-heading\" data-id=\"fdcc86c\" data-element_type=\"widget\" data-e-type=\"widget\" data-widget_type=\"heading.default\">\n\t\t\t\t<div class=\"elementor-widget-container\">\n\t\t\t\t\t<h2 class=\"elementor-heading-title elementor-size-default\">Spannungsregler<\/h2>\t\t\t\t<\/div>\n\t\t\t\t<\/div>\n\t\t\t\t<div class=\"elementor-element elementor-element-4441553 elementor-widget elementor-widget-text-editor\" data-id=\"4441553\" data-element_type=\"widget\" data-e-type=\"widget\" data-widget_type=\"text-editor.default\">\n\t\t\t\t<div class=\"elementor-widget-container\">\n\t\t\t\t\t\t\t\t\t<p>Lorem ipsum dolor sit amet, consectetur adipiscing elit. Ut elit tellus, luctus nec ullamcorper mattis, pulvinar dapibus leo.<\/p>\t\t\t\t\t\t\t\t<\/div>\n\t\t\t\t<\/div>\n\t\t\t\t\t<\/div>\n\t\t\t\t<\/div>\n\t\t<div class=\"elementor-element elementor-element-b263b61 single-card e-flex e-con-boxed e-con e-child\" data-id=\"b263b61\" data-element_type=\"container\" data-e-type=\"container\">\n\t\t\t\t\t<div class=\"e-con-inner\">\n\t\t\t\t<div class=\"elementor-element elementor-element-79947d1 elementor-widget elementor-widget-heading\" data-id=\"79947d1\" data-element_type=\"widget\" data-e-type=\"widget\" data-widget_type=\"heading.default\">\n\t\t\t\t<div class=\"elementor-widget-container\">\n\t\t\t\t\t<h2 class=\"elementor-heading-title elementor-size-default\">Messleisten<\/h2>\t\t\t\t<\/div>\n\t\t\t\t<\/div>\n\t\t\t\t<div class=\"elementor-element elementor-element-d037063 elementor-widget elementor-widget-text-editor\" data-id=\"d037063\" data-element_type=\"widget\" data-e-type=\"widget\" data-widget_type=\"text-editor.default\">\n\t\t\t\t<div class=\"elementor-widget-container\">\n\t\t\t\t\t\t\t\t\t<p>Lorem ipsum dolor sit amet, consectetur adipiscing elit. Ut elit tellus, luctus nec ullamcorper mattis, pulvinar dapibus leo.<\/p>\t\t\t\t\t\t\t\t<\/div>\n\t\t\t\t<\/div>\n\t\t\t\t\t<\/div>\n\t\t\t\t<\/div>\n\t\t\t\t\t<\/div>\n\t\t\t\t<\/div>\n\t\t\t\t\t<\/div>\n\t\t\t\t<\/div>\n\t\t<div class=\"elementor-element elementor-element-f29ffdb e-flex e-con-boxed e-con e-parent\" data-id=\"f29ffdb\" data-element_type=\"container\" data-e-type=\"container\">\n\t\t\t\t\t<div class=\"e-con-inner\">\n\t\t<div class=\"elementor-element elementor-element-0c6a372 e-flex e-con-boxed e-con e-child\" data-id=\"0c6a372\" data-element_type=\"container\" data-e-type=\"container\" data-settings=\"{&quot;background_background&quot;:&quot;classic&quot;}\">\n\t\t\t\t\t<div class=\"e-con-inner\">\n\t\t\t\t<div class=\"elementor-element elementor-element-6761072 elementor-position-top elementor-widget elementor-widget-image-box\" data-id=\"6761072\" data-element_type=\"widget\" data-e-type=\"widget\" data-widget_type=\"image-box.default\">\n\t\t\t\t<div class=\"elementor-widget-container\">\n\t\t\t\t\t<div class=\"elementor-image-box-wrapper\"><figure class=\"elementor-image-box-img\"><img loading=\"lazy\" decoding=\"async\" width=\"1024\" height=\"1024\" src=\"https:\/\/g-enertech.de\/wp-content\/uploads\/2023\/10\/gerhard-grosse-holz.1024x1024.jpg\" class=\"attachment-full size-full wp-image-83\" alt=\"\" srcset=\"https:\/\/g-enertech.de\/wp-content\/uploads\/2023\/10\/gerhard-grosse-holz.1024x1024.jpg 1024w, https:\/\/g-enertech.de\/wp-content\/uploads\/2023\/10\/gerhard-grosse-holz.1024x1024-300x300.jpg 300w, https:\/\/g-enertech.de\/wp-content\/uploads\/2023\/10\/gerhard-grosse-holz.1024x1024-150x150.jpg 150w, https:\/\/g-enertech.de\/wp-content\/uploads\/2023\/10\/gerhard-grosse-holz.1024x1024-768x768.jpg 768w\" sizes=\"(max-width: 1024px) 100vw, 1024px\" \/><\/figure><div class=\"elementor-image-box-content\"><h3 class=\"elementor-image-box-title\">Gerhard Grosse-Holz<\/h3><p class=\"elementor-image-box-description\">Gesch\u00e4ftsf\u00fchrer<BR>\nTel.: 0179 3881202 <BR>\nE-mail: ggh@g-enertech.de\n<\/p><\/div><\/div>\t\t\t\t<\/div>\n\t\t\t\t<\/div>\n\t\t\t\t\t<\/div>\n\t\t\t\t<\/div>\n\t\t\t\t\t<\/div>\n\t\t\t\t<\/div>\n\t\t<div class=\"elementor-element elementor-element-1936352 e-flex e-con-boxed e-con e-parent\" data-id=\"1936352\" data-element_type=\"container\" data-e-type=\"container\">\n\t\t\t\t\t<div class=\"e-con-inner\">\n\t\t<div class=\"elementor-element elementor-element-5db5a54 e-flex e-con-boxed e-con e-child\" data-id=\"5db5a54\" data-element_type=\"container\" data-e-type=\"container\">\n\t\t\t\t\t<div class=\"e-con-inner\">\n\t\t\t\t<div class=\"elementor-element elementor-element-d6c3e01 elementor-hidden-desktop elementor-hidden-tablet elementor-hidden-mobile elementor-widget elementor-widget-html\" data-id=\"d6c3e01\" data-element_type=\"widget\" data-e-type=\"widget\" data-widget_type=\"html.default\">\n\t\t\t\t<div class=\"elementor-widget-container\">\n\t\t\t\t\t<script src=\"https:\/\/code.jquery.com\/jquery-3.6.0.min.js\"><\/script>\r\n<script type=\"text\/javascript\">\r\nvar $ = jQuery;\r\n\/\/Image One\r\nvar ImgOne = \"url(http:\/\/g-enertech.de\/wp-content\/uploads\/2023\/10\/universe-7370868-scaled.jpg)\";\r\n\/\/Image Two\r\nvar ImgTwo = \"url(http:\/\/g-enertech.de\/wp-content\/uploads\/2023\/10\/mood2_blau-scaled.jpg)\";\r\n    $(document).ready(function(){\r\n        \r\n    $('#card-one').hover(function(){\r\n        $('#main-parent').css(\"background-image\", ImgOne)\r\n    }, function(){\r\n        $('#main-parent').css(\"background-image\", \"\")\r\n    });\r\n    \r\n    $('#card-two').hover(function(){\r\n        $('#main-parent').css(\"background-image\", ImgTwo)\r\n    }, function(){\r\n        $('#main-parent').css(\"background-image\", \"\")\r\n    })\r\n    \r\n    \r\n    })\r\n<\/script>\t\t\t\t<\/div>\n\t\t\t\t<\/div>\n\t\t\t\t<div class=\"elementor-element elementor-element-50cbd0d elementor-widget elementor-widget-spacer\" data-id=\"50cbd0d\" data-element_type=\"widget\" data-e-type=\"widget\" data-widget_type=\"spacer.default\">\n\t\t\t\t<div class=\"elementor-widget-container\">\n\t\t\t\t\t\t\t<div class=\"elementor-spacer\">\n\t\t\t<div class=\"elementor-spacer-inner\"><\/div>\n\t\t<\/div>\n\t\t\t\t\t\t<\/div>\n\t\t\t\t<\/div>\n\t\t\t\t\t<\/div>\n\t\t\t\t<\/div>\n\t\t\t\t\t<\/div>\n\t\t\t\t<\/div>\n\t\t<div class=\"elementor-element elementor-element-c9402ed e-flex e-con-boxed e-con e-parent\" data-id=\"c9402ed\" data-element_type=\"container\" data-e-type=\"container\">\n\t\t\t\t\t<div class=\"e-con-inner\">\n\t\t\t\t\t<\/div>\n\t\t\t\t<\/div>\n\t\t\t\t<\/div>\n\t\t","protected":false},"excerpt":{"rendered":"<p>Elektrische Netze fit machen f\u00fcr die Energiewende G-Enertech unterst\u00fctzt Stadtwerke und Fl\u00e4chennetzbetreiber mit Komponenten, L\u00f6sungen und Ingenieurdienstleitungen auf dem Weg zum intelligenten Niederspannungsnetz.Spannungsregelung, Stationsmonitoring und Lastmanagement sind unsere St\u00e4rken. Fordern Sie uns heraus! Wir arbeiten f\u00fcr optimalen Service\u2028mit starken Kooperationspartnern. www.undfrei-infodesign.de www.undfrei-infodesign.de www.undfrei-infodesign.de www.undfrei-infodesign.de www.undfrei-infodesign.de www.undfrei-infodesign.de \u201eDie Zukunft soll man nicht voraussehen wollen, sondern m\u00f6glich [&hellip;]<\/p>\n","protected":false},"author":1,"featured_media":0,"parent":0,"menu_order":0,"comment_status":"closed","ping_status":"closed","template":"elementor_header_footer","meta":{"inline_featured_image":false,"footnotes":""},"class_list":["post-44","page","type-page","status-publish","hentry"],"_links":{"self":[{"href":"https:\/\/g-enertech.de\/index.php\/wp-json\/wp\/v2\/pages\/44","targetHints":{"allow":["GET"]}}],"collection":[{"href":"https:\/\/g-enertech.de\/index.php\/wp-json\/wp\/v2\/pages"}],"about":[{"href":"https:\/\/g-enertech.de\/index.php\/wp-json\/wp\/v2\/types\/page"}],"author":[{"embeddable":true,"href":"https:\/\/g-enertech.de\/index.php\/wp-json\/wp\/v2\/users\/1"}],"replies":[{"embeddable":true,"href":"https:\/\/g-enertech.de\/index.php\/wp-json\/wp\/v2\/comments?post=44"}],"version-history":[{"count":221,"href":"https:\/\/g-enertech.de\/index.php\/wp-json\/wp\/v2\/pages\/44\/revisions"}],"predecessor-version":[{"id":537,"href":"https:\/\/g-enertech.de\/index.php\/wp-json\/wp\/v2\/pages\/44\/revisions\/537"}],"wp:attachment":[{"href":"https:\/\/g-enertech.de\/index.php\/wp-json\/wp\/v2\/media?parent=44"}],"curies":[{"name":"wp","href":"https:\/\/api.w.org\/{rel}","templated":true}]}}